{"id":250,"date":"2021-04-30T09:42:42","date_gmt":"2021-04-30T07:42:42","guid":{"rendered":"https:\/\/calumet-review.com\/?page_id=250"},"modified":"2021-06-12T10:27:33","modified_gmt":"2021-06-12T08:27:33","slug":"progetto-editoriale","status":"publish","type":"page","link":"https:\/\/calumet-review.com\/index.php\/it\/info-2\/progetto-editoriale\/","title":{"rendered":"Progetto Editoriale"},"content":{"rendered":"\n<p class=\"has-text-align-justify\">Calumet \u00e8 una rivista-esperimento on-line. La sua nascita \u00e8 diretta a promuovere la collaborazione interdisciplinare attorno ai problemi posti dalle relazioni interculturali e dalla loro interconnesione con l\u2019esperienza giuridica. Presupposto e base di partenza di Calumet \u00e8 la convinzione che le persone non sono norme. Sempre pi\u00f9 spesso, persone di cultura differente entrano giornalmente in contatto, interagiscono, si coordinano nella gestione dei loro interessi. La storia e il presente delle relazioni interculturali dimostrano, per\u00f2, che il diritto incrocia inevitabilmente i loro percorsi. Sullo sfondo, il loro agire \u00e8 costantemente accompagnato dagli apparati normativi. La presenza del diritto, agli inizi silenziosa, \u00e8 tuttavia pronta a manifestarsi al primo segno di conflitto. Al tempo stesso, ogni contatto tra norme appartenenti a diversi circuiti veicola interazioni tra apparati culturali, che vanno svelate e sviscerate per poter risolvere i problemi di coordinazione tra differenti tradizioni e contesti giuridici.<br>Nel mondo contemporaneo, persone e norme, parole e interessi, attraversano costantemente i confini, generando nuovi spazi di relazione. Questi nuovi spazi richiedono strumenti di descrizione e analisi di tipo interdisciplinare. Attingendo alle proprie risorse culturali, le persone possono modulare l\u2019interazione tra le norme, tra gli apparati di potere e tra le strutture istituzionali. Sfruttando la normativit\u00e0 dei linguaggi istituzionali, quelle stesse persone possono promuovere la traduzione, la transazione creative, tra gli apparati culturali. Come in un esperimento pionieristico, scienze umane e sociali sono tutte chiamate a contribuire al dispiegarsi di simili processi di \u2018invenzione\u2019 interculturale. Dall\u2019antropologia alla semiotica, dalla storia alla geografia, dalla letteratura alle discipline psico-sociali, fino alla medicina, all\u2019ecologia, alle scienze religiose e all\u2019analisi dei rapporti fra tradizioni religiose e istituzioni secolari, dovrebbero tutte potersi coordinare con l\u2019analisi del diritto. L\u2019orizzonte teorico e pragmatico di questa convergenza cognitiva e metodologica \u00e8 la possibilit\u00e0 di delineare i tratti di una soggettivit\u00e0 umana e giuridica in grado di supportare una convivenza pacifica su scala planetaria. L\u2019auspicio \u00e8 che Calumet possa diventare un luogo d\u2019incontro interculturale tra studiosi provenienti da differenti discipline, contribuendo cos\u00ec a favorire quantomeno un concreto approssimarsi a questo obiettivo.<\/p>\n","protected":false},"excerpt":{"rendered":"<p>Calumet \u00e8 una rivista-esperimento on-line. La sua nascita \u00e8 diretta a promuovere la collaborazione interdisciplinare attorno ai problemi posti dalle relazioni interculturali e dalla loro interconnesione con l\u2019esperienza giuridica. Presupposto e base di partenza di Calumet \u00e8 la convinzione che le persone non sono norme. Sempre pi\u00f9 spesso, persone di&#8230;<\/p>\n<p class=\"continue-reading-button\"> <a class=\"continue-reading-link\" href=\"https:\/\/calumet-review.com\/index.php\/it\/info-2\/progetto-editoriale\/\">Continue reading<i class=\"crycon-right-dir\"><\/i><\/a><\/p>\n","protected":false},"author":1,"featured_media":0,"parent":41,"menu_order":1,"comment_status":"closed","ping_status":"closed","template":"","meta":{"footnotes":""},"class_list":["post-250","page","type-page","status-publish","hentry"],"yoast_head":"<!-- This site is optimized with the Yoast SEO plugin v27.3 - https:\/\/yoast.com\/product\/yoast-seo-wordpress\/ -->\n<title>Progetto Editoriale &#8211; Calumet<\/title>\n<meta name=\"robots\" content=\"index, follow, max-snippet:-1, max-image-preview:large, max-video-preview:-1\" \/>\n<link rel=\"canonical\" href=\"https:\/\/calumet-review.com\/index.php\/it\/info-2\/progetto-editoriale\/\" \/>\n<meta property=\"og:locale\" content=\"it_IT\" \/>\n<meta property=\"og:type\" content=\"article\" \/>\n<meta property=\"og:title\" content=\"Progetto Editoriale &#8211; Calumet\" \/>\n<meta property=\"og:description\" content=\"Calumet \u00e8 una rivista-esperimento on-line. La sua nascita \u00e8 diretta a promuovere la collaborazione interdisciplinare attorno ai problemi posti dalle relazioni interculturali e dalla loro interconnesione con l\u2019esperienza giuridica. Presupposto e base di partenza di Calumet \u00e8 la convinzione che le persone non sono norme. Sempre pi\u00f9 spesso, persone di... Continue reading\" \/>\n<meta property=\"og:url\" content=\"https:\/\/calumet-review.com\/index.php\/it\/info-2\/progetto-editoriale\/\" \/>\n<meta property=\"og:site_name\" content=\"Calumet\" \/>\n<meta property=\"article:modified_time\" content=\"2021-06-12T08:27:33+00:00\" \/>\n<meta name=\"twitter:card\" content=\"summary_large_image\" \/>\n<meta name=\"twitter:label1\" content=\"Tempo di lettura stimato\" \/>\n\t<meta name=\"twitter:data1\" content=\"2 minuti\" \/>\n<script type=\"application\/ld+json\" class=\"yoast-schema-graph\">{\"@context\":\"https:\\\/\\\/schema.org\",\"@graph\":[{\"@type\":\"WebPage\",\"@id\":\"https:\\\/\\\/calumet-review.com\\\/index.php\\\/it\\\/info-2\\\/progetto-editoriale\\\/\",\"url\":\"https:\\\/\\\/calumet-review.com\\\/index.php\\\/it\\\/info-2\\\/progetto-editoriale\\\/\",\"name\":\"Progetto Editoriale &#8211; Calumet\",\"isPartOf\":{\"@id\":\"https:\\\/\\\/calumet-review.com\\\/#website\"},\"datePublished\":\"2021-04-30T07:42:42+00:00\",\"dateModified\":\"2021-06-12T08:27:33+00:00\",\"breadcrumb\":{\"@id\":\"https:\\\/\\\/calumet-review.com\\\/index.php\\\/it\\\/info-2\\\/progetto-editoriale\\\/#breadcrumb\"},\"inLanguage\":\"it-IT\",\"potentialAction\":[{\"@type\":\"ReadAction\",\"target\":[\"https:\\\/\\\/calumet-review.com\\\/index.php\\\/it\\\/info-2\\\/progetto-editoriale\\\/\"]}]},{\"@type\":\"BreadcrumbList\",\"@id\":\"https:\\\/\\\/calumet-review.com\\\/index.php\\\/it\\\/info-2\\\/progetto-editoriale\\\/#breadcrumb\",\"itemListElement\":[{\"@type\":\"ListItem\",\"position\":1,\"name\":\"Home\",\"item\":\"https:\\\/\\\/calumet-review.com\\\/\"},{\"@type\":\"ListItem\",\"position\":2,\"name\":\"Info\",\"item\":\"https:\\\/\\\/calumet-review.com\\\/index.php\\\/it\\\/info-2\\\/\"},{\"@type\":\"ListItem\",\"position\":3,\"name\":\"Progetto Editoriale\"}]},{\"@type\":\"WebSite\",\"@id\":\"https:\\\/\\\/calumet-review.com\\\/#website\",\"url\":\"https:\\\/\\\/calumet-review.com\\\/\",\"name\":\"Calumet\",\"description\":\"Intercultural Law and Humanities Review\",\"publisher\":{\"@id\":\"https:\\\/\\\/calumet-review.com\\\/#organization\"},\"potentialAction\":[{\"@type\":\"SearchAction\",\"target\":{\"@type\":\"EntryPoint\",\"urlTemplate\":\"https:\\\/\\\/calumet-review.com\\\/?s={search_term_string}\"},\"query-input\":{\"@type\":\"PropertyValueSpecification\",\"valueRequired\":true,\"valueName\":\"search_term_string\"}}],\"inLanguage\":\"it-IT\"},{\"@type\":\"Organization\",\"@id\":\"https:\\\/\\\/calumet-review.com\\\/#organization\",\"name\":\"Calumet Intercultural Law and Humanities Review\",\"url\":\"https:\\\/\\\/calumet-review.com\\\/\",\"logo\":{\"@type\":\"ImageObject\",\"inLanguage\":\"it-IT\",\"@id\":\"https:\\\/\\\/calumet-review.com\\\/#\\\/schema\\\/logo\\\/image\\\/\",\"url\":\"https:\\\/\\\/calumet-review.com\\\/wp-content\\\/uploads\\\/2021\\\/03\\\/logo-trasp.png\",\"contentUrl\":\"https:\\\/\\\/calumet-review.com\\\/wp-content\\\/uploads\\\/2021\\\/03\\\/logo-trasp.png\",\"width\":390,\"height\":120,\"caption\":\"Calumet Intercultural Law and Humanities Review\"},\"image\":{\"@id\":\"https:\\\/\\\/calumet-review.com\\\/#\\\/schema\\\/logo\\\/image\\\/\"}}]}<\/script>\n<!-- \/ Yoast SEO plugin. -->","yoast_head_json":{"title":"Progetto Editoriale &#8211; Calumet","robots":{"index":"index","follow":"follow","max-snippet":"max-snippet:-1","max-image-preview":"max-image-preview:large","max-video-preview":"max-video-preview:-1"},"canonical":"https:\/\/calumet-review.com\/index.php\/it\/info-2\/progetto-editoriale\/","og_locale":"it_IT","og_type":"article","og_title":"Progetto Editoriale &#8211; Calumet","og_description":"Calumet \u00e8 una rivista-esperimento on-line. La sua nascita \u00e8 diretta a promuovere la collaborazione interdisciplinare attorno ai problemi posti dalle relazioni interculturali e dalla loro interconnesione con l\u2019esperienza giuridica. Presupposto e base di partenza di Calumet \u00e8 la convinzione che le persone non sono norme. Sempre pi\u00f9 spesso, persone di... Continue reading","og_url":"https:\/\/calumet-review.com\/index.php\/it\/info-2\/progetto-editoriale\/","og_site_name":"Calumet","article_modified_time":"2021-06-12T08:27:33+00:00","twitter_card":"summary_large_image","twitter_misc":{"Tempo di lettura stimato":"2 minuti"},"schema":{"@context":"https:\/\/schema.org","@graph":[{"@type":"WebPage","@id":"https:\/\/calumet-review.com\/index.php\/it\/info-2\/progetto-editoriale\/","url":"https:\/\/calumet-review.com\/index.php\/it\/info-2\/progetto-editoriale\/","name":"Progetto Editoriale &#8211; Calumet","isPartOf":{"@id":"https:\/\/calumet-review.com\/#website"},"datePublished":"2021-04-30T07:42:42+00:00","dateModified":"2021-06-12T08:27:33+00:00","breadcrumb":{"@id":"https:\/\/calumet-review.com\/index.php\/it\/info-2\/progetto-editoriale\/#breadcrumb"},"inLanguage":"it-IT","potentialAction":[{"@type":"ReadAction","target":["https:\/\/calumet-review.com\/index.php\/it\/info-2\/progetto-editoriale\/"]}]},{"@type":"BreadcrumbList","@id":"https:\/\/calumet-review.com\/index.php\/it\/info-2\/progetto-editoriale\/#breadcrumb","itemListElement":[{"@type":"ListItem","position":1,"name":"Home","item":"https:\/\/calumet-review.com\/"},{"@type":"ListItem","position":2,"name":"Info","item":"https:\/\/calumet-review.com\/index.php\/it\/info-2\/"},{"@type":"ListItem","position":3,"name":"Progetto Editoriale"}]},{"@type":"WebSite","@id":"https:\/\/calumet-review.com\/#website","url":"https:\/\/calumet-review.com\/","name":"Calumet","description":"Intercultural Law and Humanities Review","publisher":{"@id":"https:\/\/calumet-review.com\/#organization"},"potentialAction":[{"@type":"SearchAction","target":{"@type":"EntryPoint","urlTemplate":"https:\/\/calumet-review.com\/?s={search_term_string}"},"query-input":{"@type":"PropertyValueSpecification","valueRequired":true,"valueName":"search_term_string"}}],"inLanguage":"it-IT"},{"@type":"Organization","@id":"https:\/\/calumet-review.com\/#organization","name":"Calumet Intercultural Law and Humanities Review","url":"https:\/\/calumet-review.com\/","logo":{"@type":"ImageObject","inLanguage":"it-IT","@id":"https:\/\/calumet-review.com\/#\/schema\/logo\/image\/","url":"https:\/\/calumet-review.com\/wp-content\/uploads\/2021\/03\/logo-trasp.png","contentUrl":"https:\/\/calumet-review.com\/wp-content\/uploads\/2021\/03\/logo-trasp.png","width":390,"height":120,"caption":"Calumet Intercultural Law and Humanities Review"},"image":{"@id":"https:\/\/calumet-review.com\/#\/schema\/logo\/image\/"}}]}},"jetpack_sharing_enabled":true,"_links":{"self":[{"href":"https:\/\/calumet-review.com\/index.php\/wp-json\/wp\/v2\/pages\/250","targetHints":{"allow":["GET"]}}],"collection":[{"href":"https:\/\/calumet-review.com\/index.php\/wp-json\/wp\/v2\/pages"}],"about":[{"href":"https:\/\/calumet-review.com\/index.php\/wp-json\/wp\/v2\/types\/page"}],"author":[{"embeddable":true,"href":"https:\/\/calumet-review.com\/index.php\/wp-json\/wp\/v2\/users\/1"}],"replies":[{"embeddable":true,"href":"https:\/\/calumet-review.com\/index.php\/wp-json\/wp\/v2\/comments?post=250"}],"version-history":[{"count":2,"href":"https:\/\/calumet-review.com\/index.php\/wp-json\/wp\/v2\/pages\/250\/revisions"}],"predecessor-version":[{"id":951,"href":"https:\/\/calumet-review.com\/index.php\/wp-json\/wp\/v2\/pages\/250\/revisions\/951"}],"up":[{"embeddable":true,"href":"https:\/\/calumet-review.com\/index.php\/wp-json\/wp\/v2\/pages\/41"}],"wp:attachment":[{"href":"https:\/\/calumet-review.com\/index.php\/wp-json\/wp\/v2\/media?parent=250"}],"curies":[{"name":"wp","href":"https:\/\/api.w.org\/{rel}","templated":true}]}}